{"id":2,"date":"2011-04-20T18:07:05","date_gmt":"2011-04-20T18:07:05","guid":{"rendered":"http:\/\/www.praxis-melinat.de\/?page_id=2"},"modified":"2025-06-27T07:46:29","modified_gmt":"2025-06-27T07:46:29","slug":"startseite","status":"publish","type":"page","link":"https:\/\/www.praxis-melinat.de\/","title":{"rendered":"Startseite"},"content":{"rendered":"<p><span style=\"text-decoration: underline;\"><strong><span style=\"color: #800000;\">\u00d6ffnungszeiten &amp; Terminvereinbarung<br \/><\/span><\/strong><\/span><\/p>\n<p>Termine k\u00f6nnen Sie jederzeit in der Praxis von Montag bis Freitag oder telefonisch unter 07725 \/ 917667 zwischen 8.00 Uhr und 12.oo Uhr vereinbaren.<\/p>\n<p>Wir erf\u00fcllen alle Voraussetzungen f\u00fcr eine teilweise Erstattung der osteopathischen Behandlungen durch ihre gesetzliche Krankenversicherung. Bitte erkundigen sie sich.<\/p>\n<p>Wir m\u00f6chten Sie davon in Kenntnis setzen, dass wir eine Bestellpraxis sind. Vereinbarte Termine, die nicht 24 Stunden vorher abgesagt werden, d\u00fcrfen in H\u00f6he der Behandlungskosten in Rechnung gestellt werden (Urteil 9\/2003 AZ 8C 2330\/03).<\/p>\n<p>&nbsp;<\/p>\n<p><strong>Wir bieten f\u00fcr Berufst\u00e4tige lange und flexible \u00d6ffnungszeiten.<\/strong><\/p>\n<p><strong><span style=\"text-decoration: underline;\"><span style=\"color: #800000;\">Leistungen und \u00e4rztliche Verordnungen<\/span><\/span><\/strong> (alle Kassen)<\/p>\n<p>Eine \u00dcbersicht unserer Leistungen erhalten Sie in der Rubrik <span style=\"color: #800000;\">&#8222;<a style=\"color: #800000;\" href=\"http:\/\/www.praxis-melinat.de\/?page_id=24\">Therapieangebote<\/a>&#8222;<\/span>.<\/p>\n<p><span style=\"color: #800000;\"><a style=\"color: #800000;\" href=\"http:\/\/www.osteopahtie.de\">Wir sind Mitglied im Verband der Osteopathen Deutschland e. V.<\/a><\/span><\/p>\n<p><span style=\"color: #993300; text-decoration: underline;\"><strong><strong><span style=\"text-decoration: underline;\"><span style=\"color: #800000;\"><img loading=\"lazy\" decoding=\"async\" class=\"size-thumbnail wp-image-191 alignnone\" title=\"vod_logo_neu\" src=\"http:\/\/www.praxis-melinat.de\/wp-content\/uploads\/2011\/04\/vod_logo_neu-150x150.jpg\" alt=\"\" width=\"150\" height=\"150\" \/><br \/><\/span><\/span><\/strong><\/strong><\/span><\/p>\n\n\n<p><\/p>\n","protected":false},"excerpt":{"rendered":"<p>\u00d6ffnungszeiten &amp; Terminvereinbarung Termine k\u00f6nnen Sie jederzeit in der Praxis von Montag bis Freitag oder telefonisch unter 07725 \/ 917667 zwischen 8.00 Uhr und 12.oo Uhr vereinbaren. Wir erf\u00fcllen alle Voraussetzungen f\u00fcr eine teilweise Erstattung der osteopathischen Behandlungen durch ihre &hellip; <a href=\"https:\/\/www.praxis-melinat.de\/\">Weiterlesen <span class=\"meta-nav\">&rarr;<\/span><\/a><\/p>\n","protected":false},"author":1,"featured_media":0,"parent":0,"menu_order":0,"comment_status":"closed","ping_status":"closed","template":"","meta":{"footnotes":""},"class_list":["post-2","page","type-page","status-publish","hentry"],"_links":{"self":[{"href":"https:\/\/www.praxis-melinat.de\/index.php?rest_route=\/wp\/v2\/pages\/2","targetHints":{"allow":["GET"]}}],"collection":[{"href":"https:\/\/www.praxis-melinat.de\/index.php?rest_route=\/wp\/v2\/pages"}],"about":[{"href":"https:\/\/www.praxis-melinat.de\/index.php?rest_route=\/wp\/v2\/types\/page"}],"author":[{"embeddable":true,"href":"https:\/\/www.praxis-melinat.de\/index.php?rest_route=\/wp\/v2\/users\/1"}],"replies":[{"embeddable":true,"href":"https:\/\/www.praxis-melinat.de\/index.php?rest_route=%2Fwp%2Fv2%2Fcomments&post=2"}],"version-history":[{"count":33,"href":"https:\/\/www.praxis-melinat.de\/index.php?rest_route=\/wp\/v2\/pages\/2\/revisions"}],"predecessor-version":[{"id":302,"href":"https:\/\/www.praxis-melinat.de\/index.php?rest_route=\/wp\/v2\/pages\/2\/revisions\/302"}],"wp:attachment":[{"href":"https:\/\/www.praxis-melinat.de\/index.php?rest_route=%2Fwp%2Fv2%2Fmedia&parent=2"}],"curies":[{"name":"wp","href":"https:\/\/api.w.org\/{rel}","templated":true}]}}