{"id":38,"date":"2011-04-21T13:59:13","date_gmt":"2011-04-21T13:59:13","guid":{"rendered":"http:\/\/www.praxis-melinat.de\/?page_id=38"},"modified":"2023-01-26T22:57:24","modified_gmt":"2023-01-26T22:57:24","slug":"kontakt","status":"publish","type":"page","link":"https:\/\/www.praxis-melinat.de\/?page_id=38","title":{"rendered":"Kontakt"},"content":{"rendered":"<p><span style=\"color: #800000;\"><strong><span style=\"color: #800000;\">Praxis f\u00fcr Physiotherapie<\/span> <span style=\"color: #800000;\">und<\/span> <span style=\"color: #800000;\">Osteopathie<\/span><\/strong><\/span><br \/>\nHilmar Melinat<\/p>\n<p>Gartenstra\u00dfe 9<br \/>\n78126 K\u00f6nigsfeld<\/p>\n<p>Telefon: 07725 \/ 917667<br \/>\nTelefax: 07725 \/ 917217<\/p>\n<p><a href=\"http:\/\/www.praxis-melinat.de\"><span style=\"color: #800000;\">www.praxis-melinat.de<\/span><\/a><\/p>\n<p>Mail: <span style=\"color: #800000;\"><a style=\"color: #800000;\" href=\"mailto:info@praxis-melinat.de\">info@praxis-melinat.de\u00a0<\/a>\u00a0<\/span><\/p>\n<p><span style=\"color: #800000;\"><a style=\"color: #800000;\" href=\"http:\/\/www.praxis-melinat.de\/?p=15\">Impressum<\/a><\/span><\/p>\n<div>\n<p><a href=\"http:\/\/www.praxis-melinat.de\/?p=264\"><span style=\"color: #800000;\">Datenschutzerkl\u00e4rung<\/span><\/a><\/p>\n<\/div>\n","protected":false},"excerpt":{"rendered":"<p>Praxis f\u00fcr Physiotherapie und Osteopathie Hilmar Melinat Gartenstra\u00dfe 9 78126 K\u00f6nigsfeld Telefon: 07725 \/ 917667 Telefax: 07725 \/ 917217 www.praxis-melinat.de Mail: info@praxis-melinat.de\u00a0\u00a0 Impressum Datenschutzerkl\u00e4rung<\/p>\n","protected":false},"author":1,"featured_media":0,"parent":0,"menu_order":5,"comment_status":"closed","ping_status":"closed","template":"","meta":{"footnotes":""},"class_list":["post-38","page","type-page","status-publish","hentry"],"_links":{"self":[{"href":"https:\/\/www.praxis-melinat.de\/index.php?rest_route=\/wp\/v2\/pages\/38","targetHints":{"allow":["GET"]}}],"collection":[{"href":"https:\/\/www.praxis-melinat.de\/index.php?rest_route=\/wp\/v2\/pages"}],"about":[{"href":"https:\/\/www.praxis-melinat.de\/index.php?rest_route=\/wp\/v2\/types\/page"}],"author":[{"embeddable":true,"href":"https:\/\/www.praxis-melinat.de\/index.php?rest_route=\/wp\/v2\/users\/1"}],"replies":[{"embeddable":true,"href":"https:\/\/www.praxis-melinat.de\/index.php?rest_route=%2Fwp%2Fv2%2Fcomments&post=38"}],"version-history":[{"count":15,"href":"https:\/\/www.praxis-melinat.de\/index.php?rest_route=\/wp\/v2\/pages\/38\/revisions"}],"predecessor-version":[{"id":268,"href":"https:\/\/www.praxis-melinat.de\/index.php?rest_route=\/wp\/v2\/pages\/38\/revisions\/268"}],"wp:attachment":[{"href":"https:\/\/www.praxis-melinat.de\/index.php?rest_route=%2Fwp%2Fv2%2Fmedia&parent=38"}],"curies":[{"name":"wp","href":"https:\/\/api.w.org\/{rel}","templated":true}]}}