{"id":5,"date":"2011-04-20T18:26:18","date_gmt":"2011-04-20T18:26:18","guid":{"rendered":"http:\/\/www.praxis-melinat.de\/?page_id=5"},"modified":"2025-12-22T09:19:18","modified_gmt":"2025-12-22T09:19:18","slug":"seite-2","status":"publish","type":"page","link":"https:\/\/www.praxis-melinat.de\/?page_id=5","title":{"rendered":"Team"},"content":{"rendered":"<h2><span style=\"color: #800000;\">Hilmar Melinat<\/span> (Osteopath BAO und Heilpraktiker)<\/h2>\n<ul>\n<li>Staatl. gepr\u00fcfter Masseur und med. Bademeister<\/li>\n<li>Physiotherapeut<\/li>\n<li>Osteopath &#8211; BAO<\/li>\n<li>Heilpraktiker<\/li>\n<\/ul>\n<h4>Weiterbildungen:<\/h4>\n<ul>\n<li>Manuelle Therapie<\/li>\n<li>MLD\/KPE<\/li>\n<li>Krankengymnastik auf neurophysiologischer Grundlage (PNF)<\/li>\n<li>Kiefergelenksbehandlung (CMD)<\/li>\n<li>Fu\u00dfreflexzonenmassage<\/li>\n<li>Sportphysiotherapie<\/li>\n<li>Med. Trainingstherapie<\/li>\n<li>Wirbels\u00e4ulentherapie nach Dorn und Breu\u00df<\/li>\n<li>Kinesio-Tape<\/li>\n<\/ul>\n<h2><span style=\"color: #800000;\">Andreas Mauch<\/span> (Physiotherapeut)<\/h2>\n<h4>Weiterbildungen<\/h4>\n<ul>\n<li>Manuelle Therapie<\/li>\n<li>KG &#8211; ZNS PNF (Propriozeptive Neuromuskul\u00e4re Fazilitation)<\/li>\n<li>MLD \/ KPE (Manuelle Lymphdrainage)<\/li>\n<li>FBL (funktionelle Bewegungslehre)<\/li>\n<li>Fu\u00dfreflexzonenmassage<\/li>\n<li>Kin\u00e4sthetik<\/li>\n<\/ul>\n<h2><span style=\"color: #800000;\">Julia Riegraf<\/span> (Physiotherapeutin und Heilpraktikerin)<\/h2>\n<h4>Weiterbildungen<\/h4>\n<ul>\n<li>Myoreflextherapeutin<\/li>\n<li>Manuelle Therapie<\/li>\n<li>Bobath f\u00fcr Erwachsene<\/li>\n<li>Kinesio-Tape<\/li>\n<li>Sportphysiotherapie<\/li>\n<li>FBL (funktionelle Bewegungslehre)<\/li>\n<li>Kiefergelenksbehandlungen (CMD)<\/li>\n<li>KGG (MTT)<\/li>\n<li>Behandlung nach Dorn und Breuss<\/li>\n<li>Schr\u00f6pfbehandlungen<\/li>\n<li>Fu\u00dfreflexzonenmassage nach Hanne Marquardt<\/li>\n<\/ul>\n<h2><span style=\"color: #800000;\">Anna Sophie Hirth geb. Melinat <span style=\"color: #000000;\">(Physiotherapeutin, bis Juni 2025 Teammanagerin Mountainbike Marathon Pro Team Singer Racing Team )<\/span><\/span><\/h2>\n<h4>Weiterbildungen<\/h4>\n\n\n<ul class=\"wp-block-list\">\n<li>Manuelle Therapie<\/li>\n\n\n\n<li>KG ZNS Bobath (Erwachsene)<\/li>\n\n\n\n<li>MLD \/ KPE (Manuelle Lymphdrainage)<\/li>\n\n\n\n<li>Sportphysiotherapie<\/li>\n\n\n\n<li>Kiefergelenksbehandlungen (CMD)<\/li>\n\n\n\n<li>Kinesio Tape<\/li>\n\n\n\n<li>Schr\u00f6pfkopfbehandlung<\/li>\n\n\n\n<li>Dorn und Breuss Therapeutin<\/li>\n\n\n\n<li>KGG (KG Ger\u00e4te)<\/li>\n\n\n\n<li>MTT (Medizinische Trainingstherapie)<\/li>\n<\/ul>\n\n\n\n<p><\/p>\n","protected":false},"excerpt":{"rendered":"<p>Hilmar Melinat (Osteopath BAO und Heilpraktiker) Staatl. gepr\u00fcfter Masseur und med. Bademeister Physiotherapeut Osteopath &#8211; BAO Heilpraktiker Weiterbildungen: Manuelle Therapie MLD\/KPE Krankengymnastik auf neurophysiologischer Grundlage (PNF) Kiefergelenksbehandlung (CMD) Fu\u00dfreflexzonenmassage Sportphysiotherapie Med. Trainingstherapie Wirbels\u00e4ulentherapie nach Dorn und Breu\u00df Kinesio-Tape Andreas Mauch &hellip; <a href=\"https:\/\/www.praxis-melinat.de\/?page_id=5\">Weiterlesen <span class=\"meta-nav\">&rarr;<\/span><\/a><\/p>\n","protected":false},"author":1,"featured_media":0,"parent":0,"menu_order":1,"comment_status":"closed","ping_status":"closed","template":"","meta":{"footnotes":""},"class_list":["post-5","page","type-page","status-publish","hentry"],"_links":{"self":[{"href":"https:\/\/www.praxis-melinat.de\/index.php?rest_route=\/wp\/v2\/pages\/5","targetHints":{"allow":["GET"]}}],"collection":[{"href":"https:\/\/www.praxis-melinat.de\/index.php?rest_route=\/wp\/v2\/pages"}],"about":[{"href":"https:\/\/www.praxis-melinat.de\/index.php?rest_route=\/wp\/v2\/types\/page"}],"author":[{"embeddable":true,"href":"https:\/\/www.praxis-melinat.de\/index.php?rest_route=\/wp\/v2\/users\/1"}],"replies":[{"embeddable":true,"href":"https:\/\/www.praxis-melinat.de\/index.php?rest_route=%2Fwp%2Fv2%2Fcomments&post=5"}],"version-history":[{"count":61,"href":"https:\/\/www.praxis-melinat.de\/index.php?rest_route=\/wp\/v2\/pages\/5\/revisions"}],"predecessor-version":[{"id":308,"href":"https:\/\/www.praxis-melinat.de\/index.php?rest_route=\/wp\/v2\/pages\/5\/revisions\/308"}],"wp:attachment":[{"href":"https:\/\/www.praxis-melinat.de\/index.php?rest_route=%2Fwp%2Fv2%2Fmedia&parent=5"}],"curies":[{"name":"wp","href":"https:\/\/api.w.org\/{rel}","templated":true}]}}